{"id":87,"date":"2017-12-16T12:52:58","date_gmt":"2017-12-16T12:52:58","guid":{"rendered":"https:\/\/www.cccb.pt\/cccb\/?page_id=87"},"modified":"2022-11-22T18:13:34","modified_gmt":"2022-11-22T18:13:34","slug":"apresentacao-da-empresa","status":"publish","type":"page","link":"https:\/\/www.cccb.pt\/cccb\/","title":{"rendered":"Apresenta\u00e7\u00e3o da empresa"},"content":{"rendered":"<p><strong><u>Caracteriza\u00e7\u00e3o da actividade<\/u><\/strong><\/p>\n<p>A Empresa tem como principal actividade a constru\u00e7\u00e3o civil, estando mais focalizada em Trabalhos de Telecomunica\u00e7\u00f5es, onde se inclui a execu\u00e7\u00e3o de funda\u00e7\u00f5es, lajes e veda\u00e7\u00f5es e abertura de valas. Tem desenvolvido outros trabalhos, nomeadamente ao n\u00edvel da constru\u00e7\u00e3o e reconstru\u00e7\u00e3o de moradias e urbaniza\u00e7\u00f5es.<\/p>\n<p>&nbsp;<\/p>\n<p>No sector das telecomunica\u00e7\u00f5es a Construtora Civil de Casal dos Bernardos Lda. tem apostado em parcerias com diversas empresas de Telecomunica\u00e7\u00f5es, com os quais tem desenvolvido parcerias de qualidade.<\/p>\n<p>A empresa encontra-se actualmente implantada num pavilh\u00e3o com \u00e1rea coberta de 450 m<sup>2<\/sup> (armaz\u00e9m e escrit\u00f3rio) e descoberta 4550 m<sup>2<\/sup>.<\/p>\n<p><strong><u>Vis\u00e3o<\/u><\/strong><\/p>\n<p>A Empresa tem como <strong>Vis\u00e3o <\/strong>manter uma empresa s\u00f3lida, sustent\u00e1vel de refer\u00eancia a n\u00edvel nacional.<\/p>\n<p><strong>\u00a0<\/strong><\/p>\n<p><strong><u>Miss\u00e3o<\/u><\/strong><\/p>\n<p>A Empresa tem como <strong>Miss\u00e3o <\/strong>a satisfa\u00e7\u00e3o das necessidades dos seus clientes de acordo com uma pol\u00edtica de inova\u00e7\u00e3o, qualidade e efic\u00e1cia, bem como o refor\u00e7o econ\u00f3mico e social de Casal dos Bernardos.<\/p>\n<p><strong>\u00a0<\/strong><\/p>\n<p><strong><u>Valores da Empresa<\/u><\/strong><\/p>\n<p>Os <strong>Valores da Empresa<\/strong> assentam na responsabilidade, compet\u00eancia e respeito para com os seus clientes, colaboradores e a comunidade envolvente.<\/p>\n<p>&nbsp;<\/p>\n<p>&nbsp;<\/p>\n<p><img loading=\"lazy\" decoding=\"async\" class=\"alignnone size-full wp-image-46\" src=\"https:\/\/www.cccb.pt\/cccb\/wp-content\/uploads\/2017\/12\/ISO-9001_COLOUR-VERSION_ISO.jpg\" alt=\"\" width=\"414\" height=\"193\" \/><\/p>\n","protected":false},"excerpt":{"rendered":"<p>Caracteriza\u00e7\u00e3o da actividade A Empresa tem como principal actividade a constru\u00e7\u00e3o civil, estando mais focalizada em Trabalhos de Telecomunica\u00e7\u00f5es, onde se inclui a execu\u00e7\u00e3o de funda\u00e7\u00f5es, lajes e veda\u00e7\u00f5es e abertura de valas. Tem desenvolvido outros trabalhos, nomeadamente ao n\u00edvel da constru\u00e7\u00e3o e reconstru\u00e7\u00e3o de moradias e urbaniza\u00e7\u00f5es. &nbsp; No sector das telecomunica\u00e7\u00f5es a Construtora &hellip; <\/p>\n<p class=\"link-more\"><a href=\"https:\/\/www.cccb.pt\/cccb\/\" class=\"more-link\">Continuar a ler <span class=\"screen-reader-text\">&#8220;Apresenta\u00e7\u00e3o da empresa&#8221;<\/span><\/a><\/p>\n","protected":false},"author":1,"featured_media":0,"parent":0,"menu_order":1,"comment_status":"closed","ping_status":"closed","template":"","meta":{"footnotes":""},"class_list":["post-87","page","type-page","status-publish","hentry"],"_links":{"self":[{"href":"https:\/\/www.cccb.pt\/cccb\/index.php?rest_route=\/wp\/v2\/pages\/87","targetHints":{"allow":["GET"]}}],"collection":[{"href":"https:\/\/www.cccb.pt\/cccb\/index.php?rest_route=\/wp\/v2\/pages"}],"about":[{"href":"https:\/\/www.cccb.pt\/cccb\/index.php?rest_route=\/wp\/v2\/types\/page"}],"author":[{"embeddable":true,"href":"https:\/\/www.cccb.pt\/cccb\/index.php?rest_route=\/wp\/v2\/users\/1"}],"replies":[{"embeddable":true,"href":"https:\/\/www.cccb.pt\/cccb\/index.php?rest_route=%2Fwp%2Fv2%2Fcomments&post=87"}],"version-history":[{"count":7,"href":"https:\/\/www.cccb.pt\/cccb\/index.php?rest_route=\/wp\/v2\/pages\/87\/revisions"}],"predecessor-version":[{"id":144,"href":"https:\/\/www.cccb.pt\/cccb\/index.php?rest_route=\/wp\/v2\/pages\/87\/revisions\/144"}],"wp:attachment":[{"href":"https:\/\/www.cccb.pt\/cccb\/index.php?rest_route=%2Fwp%2Fv2%2Fmedia&parent=87"}],"curies":[{"name":"wp","href":"https:\/\/api.w.org\/{rel}","templated":true}]}}