{"id":19,"date":"2017-12-12T14:38:49","date_gmt":"2017-12-12T14:38:49","guid":{"rendered":"https:\/\/www.cccb.pt\/cccb\/?page_id=19"},"modified":"2018-10-24T17:16:51","modified_gmt":"2018-10-24T17:16:51","slug":"historia","status":"publish","type":"page","link":"https:\/\/www.cccb.pt\/cccb\/?page_id=19","title":{"rendered":"Hist\u00f3ria"},"content":{"rendered":"<p><strong><u>Hist\u00f3ria<\/u><\/strong><\/p>\n<p>A empresa Construtora Civil de Casal dos Bernardos Lda, fundada em 1986, pelo Sr\u00ba Manuel Gon\u00e7alves da Costa, sita na Rua Moita Redonda n.\u00ba4 Salgueira do Meio, 2435-007 Casal dos Bernardos &#8211; Our\u00e9m tem como capital social o montante de 80.000,00\u20ac \u00e9 constitu\u00edda por 4 s\u00f3cios.<\/p>\n<p>Tem como objeto a \u201cIndustria de Constru\u00e7\u00e3o Civil, Comercializa\u00e7\u00e3o de Material de Constru\u00e7\u00e3o Civil Obras P\u00fablicas\u201d.<\/p>\n<p>&nbsp;<\/p>\n<p><span style=\"color: #000000;\">\u00a0<\/span><\/p>\n","protected":false},"excerpt":{"rendered":"<p>Hist\u00f3ria A empresa Construtora Civil de Casal dos Bernardos Lda, fundada em 1986, pelo Sr\u00ba Manuel Gon\u00e7alves da Costa, sita na Rua Moita Redonda n.\u00ba4 Salgueira do Meio, 2435-007 Casal dos Bernardos &#8211; Our\u00e9m tem como capital social o montante de 80.000,00\u20ac \u00e9 constitu\u00edda por 4 s\u00f3cios. Tem como objeto a \u201cIndustria de Constru\u00e7\u00e3o Civil, &hellip; <\/p>\n<p class=\"link-more\"><a href=\"https:\/\/www.cccb.pt\/cccb\/?page_id=19\" class=\"more-link\">Continuar a ler <span class=\"screen-reader-text\">&#8220;Hist\u00f3ria&#8221;<\/span><\/a><\/p>\n","protected":false},"author":1,"featured_media":0,"parent":0,"menu_order":4,"comment_status":"closed","ping_status":"closed","template":"","meta":{"footnotes":""},"class_list":["post-19","page","type-page","status-publish","hentry"],"_links":{"self":[{"href":"https:\/\/www.cccb.pt\/cccb\/index.php?rest_route=\/wp\/v2\/pages\/19","targetHints":{"allow":["GET"]}}],"collection":[{"href":"https:\/\/www.cccb.pt\/cccb\/index.php?rest_route=\/wp\/v2\/pages"}],"about":[{"href":"https:\/\/www.cccb.pt\/cccb\/index.php?rest_route=\/wp\/v2\/types\/page"}],"author":[{"embeddable":true,"href":"https:\/\/www.cccb.pt\/cccb\/index.php?rest_route=\/wp\/v2\/users\/1"}],"replies":[{"embeddable":true,"href":"https:\/\/www.cccb.pt\/cccb\/index.php?rest_route=%2Fwp%2Fv2%2Fcomments&post=19"}],"version-history":[{"count":6,"href":"https:\/\/www.cccb.pt\/cccb\/index.php?rest_route=\/wp\/v2\/pages\/19\/revisions"}],"predecessor-version":[{"id":121,"href":"https:\/\/www.cccb.pt\/cccb\/index.php?rest_route=\/wp\/v2\/pages\/19\/revisions\/121"}],"wp:attachment":[{"href":"https:\/\/www.cccb.pt\/cccb\/index.php?rest_route=%2Fwp%2Fv2%2Fmedia&parent=19"}],"curies":[{"name":"wp","href":"https:\/\/api.w.org\/{rel}","templated":true}]}}