{"id":18,"date":"2017-12-12T14:38:49","date_gmt":"2017-12-12T14:38:49","guid":{"rendered":"https:\/\/www.cccb.pt\/cccb\/?page_id=18"},"modified":"2025-12-03T17:03:27","modified_gmt":"2025-12-03T17:03:27","slug":"inicio","status":"publish","type":"page","link":"https:\/\/www.cccb.pt\/cccb\/?page_id=18","title":{"rendered":"Pol\u00edtica da qualidade"},"content":{"rendered":"<p><strong><u>POL\u00cdTICA DA QUALIDADE<\/u><\/strong><\/p>\n<p>A Pol\u00edtica da <strong>Construtora Civil Casal dos Bernardos Lda<\/strong>. reconhece a import\u00e2ncia da <strong>Qualidade<\/strong> dos seus servi\u00e7os, e dedica se <em>a atividades de Constru\u00e7\u00e3o Civil e Obras P\u00fablicas.<\/em><\/p>\n<p><em>\u00a0<\/em>A <strong>Pol\u00edtica de Qualidade<\/strong>, da empresa rege-se pelos seguintes princ\u00edpios fundamentais:<\/p>\n<ul>\n<li>Assegurar a satisfa\u00e7\u00e3o das expectativas de todas as partes interessadas, de forma a atingir n\u00edveis de rentabilidade que garantam a sustentabilidade da empresa;<\/li>\n<li>Satisfazer os colaboradores, motivando-os para o compromisso com os prazos e Qualidade dos nossos servi\u00e7os prestados;<\/li>\n<li>Estabelecer e rever periodicamente os objetivos e as metas, tendo em conta os processos, de modo a garantir um desenvolvimento e crescimento da CCCB;<\/li>\n<li>Manter e procurar melhorar continuamente um Sistema de Gest\u00e3o de acordo com a norma NP EN ISO 9001:2015 (Sistemas de Gest\u00e3o da Qualidade);<\/li>\n<li>Resposta atempada \u00e0s solicita\u00e7\u00f5es\/reclama\u00e7\u00f5es dos clientes;<\/li>\n<li>Cumprimento dos requisitos legais, estatu\u00e1rios e regulamentares;<\/li>\n<li>Garantir o sucesso de minimiza\u00e7\u00e3o de riscos, atrav\u00e9s de implementa\u00e7\u00e3o de a\u00e7\u00f5es adequadas.<\/li>\n<\/ul>\n<p>Neste contexto, a ger\u00eancia da <strong>Construtora Civil Casal dos Bernardos Lda.<\/strong> compromete-se a formar e consciencializar cada um dos seus colaboradores e partes interessadas\u00aa relevantes na import\u00e2ncia do desempenho das suas tarefas ao servi\u00e7o da organiza\u00e7\u00e3o, assim como, na import\u00e2ncia da sua participa\u00e7\u00e3o e empenho, melhorando continuamente a efic\u00e1cia do Sistema de Gest\u00e3o da Qualidade.<\/p>\n<p>Casal dos Bernardos, 12 de Novembro de 2025<\/p>\n<p>&nbsp;<\/p>\n<p><a href=\"https:\/\/www.cccb.pt\/cccb\/wp-content\/uploads\/2025\/12\/CONSTRUTORA_CIVIL_CASAL_BERNARDOS_9001_IPAC_PT_2024.pdf\"><img loading=\"lazy\" decoding=\"async\" class=\"alignleft wp-image-126\" src=\"https:\/\/www.cccb.pt\/cccb\/wp-content\/uploads\/2018\/10\/Click-to-open.jpg\" alt=\"\" width=\"88\" height=\"51\" \/><\/a><a href=\"https:\/\/www.cccb.pt\/cccb\/wp-content\/uploads\/2025\/12\/CONSTRUTORA_CIVIL_CASAL_BERNARDOS_9001_IPAC_PT_2024.pdf\">Certif. ISO 9001:2015 &#8211; 07\/01\/2027<\/a><\/p>\n","protected":false},"excerpt":{"rendered":"<p>POL\u00cdTICA DA QUALIDADE A Pol\u00edtica da Construtora Civil Casal dos Bernardos Lda. reconhece a import\u00e2ncia da Qualidade dos seus servi\u00e7os, e dedica se a atividades de Constru\u00e7\u00e3o Civil e Obras P\u00fablicas. \u00a0A Pol\u00edtica de Qualidade, da empresa rege-se pelos seguintes princ\u00edpios fundamentais: Assegurar a satisfa\u00e7\u00e3o das expectativas de todas as partes interessadas, de forma a &hellip; <\/p>\n<p class=\"link-more\"><a href=\"https:\/\/www.cccb.pt\/cccb\/?page_id=18\" class=\"more-link\">Continuar a ler <span class=\"screen-reader-text\">&#8220;Pol\u00edtica da qualidade&#8221;<\/span><\/a><\/p>\n","protected":false},"author":1,"featured_media":0,"parent":0,"menu_order":5,"comment_status":"closed","ping_status":"closed","template":"","meta":{"footnotes":""},"class_list":["post-18","page","type-page","status-publish","hentry"],"_links":{"self":[{"href":"https:\/\/www.cccb.pt\/cccb\/index.php?rest_route=\/wp\/v2\/pages\/18","targetHints":{"allow":["GET"]}}],"collection":[{"href":"https:\/\/www.cccb.pt\/cccb\/index.php?rest_route=\/wp\/v2\/pages"}],"about":[{"href":"https:\/\/www.cccb.pt\/cccb\/index.php?rest_route=\/wp\/v2\/types\/page"}],"author":[{"embeddable":true,"href":"https:\/\/www.cccb.pt\/cccb\/index.php?rest_route=\/wp\/v2\/users\/1"}],"replies":[{"embeddable":true,"href":"https:\/\/www.cccb.pt\/cccb\/index.php?rest_route=%2Fwp%2Fv2%2Fcomments&post=18"}],"version-history":[{"count":26,"href":"https:\/\/www.cccb.pt\/cccb\/index.php?rest_route=\/wp\/v2\/pages\/18\/revisions"}],"predecessor-version":[{"id":158,"href":"https:\/\/www.cccb.pt\/cccb\/index.php?rest_route=\/wp\/v2\/pages\/18\/revisions\/158"}],"wp:attachment":[{"href":"https:\/\/www.cccb.pt\/cccb\/index.php?rest_route=%2Fwp%2Fv2%2Fmedia&parent=18"}],"curies":[{"name":"wp","href":"https:\/\/api.w.org\/{rel}","templated":true}]}}